{"id":152,"date":"2026-02-09T17:16:05","date_gmt":"2026-02-09T17:16:05","guid":{"rendered":"https:\/\/proposta.guiasdeportugal.org\/wordpress_H\/?page_id=152"},"modified":"2026-03-02T16:33:24","modified_gmt":"2026-03-02T16:33:24","slug":"pa-feb-2026","status":"publish","type":"page","link":"https:\/\/proposta.guiasdeportugal.org\/wordpress_H\/","title":{"rendered":"PA Feb 2026"},"content":{"rendered":"\t\t<div data-elementor-type=\"wp-page\" data-elementor-id=\"152\" class=\"elementor elementor-152\">\n\t\t\t\t<div class=\"elementor-element elementor-element-6ac13841 e-flex e-con-boxed e-con e-parent\" data-id=\"6ac13841\" data-element_type=\"container\" data-e-type=\"container\">\n\t\t\t\t\t<div class=\"e-con-inner\">\n\t\t\t\t<div class=\"elementor-element elementor-element-7d46410 elementor-widget elementor-widget-heading\" data-id=\"7d46410\" data-element_type=\"widget\" data-e-type=\"widget\" data-widget_type=\"heading.default\">\n\t\t\t\t\t<h3 class=\"elementor-heading-title elementor-size-default\">Proposta de Admiss\u00e3o<\/h3>\t\t\t\t<\/div>\n\t\t\t\t<div class=\"elementor-element elementor-element-53541a80 elementor-widget elementor-widget-text-editor\" data-id=\"53541a80\" data-element_type=\"widget\" data-e-type=\"widget\" data-widget_type=\"text-editor.default\">\n\t\t\t\t\t\t\t\t\t\n<div class=\"wp-block-contact-form-7-contact-form-selector\">\n<div class=\"wpcf7 no-js\" id=\"wpcf7-f151-o1\" lang=\"en-US\" dir=\"ltr\" data-wpcf7-id=\"151\">\n<div class=\"screen-reader-response\"><p role=\"status\" aria-live=\"polite\" aria-atomic=\"true\"><\/p> <ul><\/ul><\/div>\n<form action=\"\/wordpress_H\/wp-json\/wp\/v2\/pages\/152#wpcf7-f151-o1\" method=\"post\" class=\"wpcf7-form init\" aria-label=\"Contact form\" novalidate=\"novalidate\" data-status=\"init\">\n<fieldset class=\"hidden-fields-container\"><input type=\"hidden\" name=\"_wpcf7\" value=\"151\" \/><input type=\"hidden\" name=\"_wpcf7_version\" value=\"6.1.5\" \/><input type=\"hidden\" name=\"_wpcf7_locale\" value=\"en_US\" \/><input type=\"hidden\" name=\"_wpcf7_unit_tag\" value=\"wpcf7-f151-o1\" \/><input type=\"hidden\" name=\"_wpcf7_container_post\" value=\"0\" \/><input type=\"hidden\" name=\"_wpcf7_posted_data_hash\" value=\"\" \/><input type=\"hidden\" name=\"_uacf7_hidden_conditional_fields\" value=\"\" \/>\n<\/fieldset>\n<div class=\"uacf7-form-wrapper-container uacf7-form-151  \"><section class=\"form-section\">\n   <h5>Dados Pessoais<\/h5>\n\n   <label>Nome Completo: <span class=\"wpcf7-form-control-wrap\" data-name=\"nome\"><input size=\"40\" maxlength=\"250\" minlength=\"5\" class=\"wpcf7-form-control wpcf7-text wpcf7-validates-as-required\" aria-required=\"true\" aria-invalid=\"false\" value=\"\" type=\"text\" name=\"nome\" \/><\/span><\/label>\n   <label>Morada: <span class=\"wpcf7-form-control-wrap\" data-name=\"morada\"><input size=\"40\" maxlength=\"250\" minlength=\"5\" class=\"wpcf7-form-control wpcf7-text wpcf7-validates-as-required\" aria-required=\"true\" aria-invalid=\"false\" value=\"\" type=\"text\" name=\"morada\" \/><\/span><\/label>\n   <div class=\"form-row\">\n      <label>C\u00f3digo Postal: <span class=\"wpcf7-form-control-wrap\" data-name=\"codigo-postal\"><input class=\"wpcf7-form-control wpcf7-number wpcf7-validates-as-required wpcf7-validates-as-number\" min=\"0\" max=\"9999\" step=\"1\" aria-required=\"true\" aria-invalid=\"false\" value=\"\" type=\"number\" name=\"codigo-postal\" \/><\/span><\/label>\n      <label>Localidade: <span class=\"wpcf7-form-control-wrap\" data-name=\"localidade\"><input size=\"40\" maxlength=\"20\" minlength=\"3\" class=\"wpcf7-form-control wpcf7-text wpcf7-validates-as-required\" aria-required=\"true\" aria-invalid=\"false\" value=\"\" type=\"text\" name=\"localidade\" \/><\/span><\/label>\n   <\/div>\n   <div class=\"form-row\">\n      <label>Telefone: <span class=\"wpcf7-form-control-wrap\" data-name=\"telefone\"><input class=\"wpcf7-form-control wpcf7-number wpcf7-validates-as-required wpcf7-validates-as-number\" min=\"0\" max=\"999999999\" step=\"1\" aria-required=\"true\" aria-invalid=\"false\" value=\"\" type=\"number\" name=\"telefone\" \/><\/span><\/label>\n      <label>Telem\u00f3vel: <span class=\"wpcf7-form-control-wrap\" data-name=\"telemovel\"><input class=\"wpcf7-form-control wpcf7-number wpcf7-validates-as-required wpcf7-validates-as-number\" min=\"0\" max=\"999999999\" step=\"1\" aria-required=\"true\" aria-invalid=\"false\" value=\"\" type=\"number\" name=\"telemovel\" \/><\/span><\/label>\n   <\/div>\n   <label>Email: <span class=\"wpcf7-form-control-wrap\" data-name=\"email\"><input size=\"40\" maxlength=\"400\" class=\"wpcf7-form-control wpcf7-email wpcf7-validates-as-required wpcf7-text wpcf7-validates-as-email\" autocomplete=\"email\" aria-required=\"true\" aria-invalid=\"false\" value=\"\" type=\"email\" name=\"email\" \/><\/span><\/label>\n   <div class=\"form-row\">\n      <label>Data de Nascimento: <span class=\"wpcf7-form-control-wrap\" data-name=\"data-nascimento\"><input class=\"wpcf7-form-control wpcf7-date wpcf7-validates-as-required wpcf7-validates-as-date\" aria-required=\"true\" aria-invalid=\"false\" value=\"\" type=\"date\" name=\"data-nascimento\" \/><\/span>\n         <small>A proponente a associada tem de ter no m\u00ednimo 6 anos.<\/small>\n      <\/label>\n   <\/div>\n<\/section>\n\n<section class=\"form-section\">\n   <h5>Filia\u00e7\u00e3o<\/h5>\n\n   <label>Nome do\/a Respons\u00e1vel Legal prim\u00e1rio:\n      <span class=\"wpcf7-form-control-wrap\" data-name=\"pai-um\"><input size=\"40\" maxlength=\"250\" minlength=\"5\" class=\"wpcf7-form-control wpcf7-text wpcf7-validates-as-required\" aria-required=\"true\" aria-invalid=\"false\" value=\"\" type=\"text\" name=\"pai-um\" \/><\/span>\n      <small>Este ser\u00e1 o contacto usado como Encarregado de Educa\u00e7\u00e3o.<\/small>\n   <\/label>\n   <label>Nome do\/a Respons\u00e1vel Legal secund\u00e1rio:\n      <span class=\"wpcf7-form-control-wrap\" data-name=\"pai-dois\"><input size=\"40\" maxlength=\"250\" minlength=\"5\" class=\"wpcf7-form-control wpcf7-text\" aria-invalid=\"false\" value=\"\" type=\"text\" name=\"pai-dois\" \/><\/span>\n   <\/label>\n<\/section>\n\n<section class=\"form-section\">\n   <h5>Condicionado a:<\/h5>\n\n   <div class=\"form-row\">\n      <label>Deseja entrar para a companhia: <span class=\"wpcf7-form-control-wrap\" data-name=\"companhia\"><select class=\"wpcf7-form-control wpcf7-select wpcf7-validates-as-required\" aria-required=\"true\" aria-invalid=\"false\" name=\"companhia\"><option value=\"1\u00aa Companhia de Faro\">1\u00aa Companhia de Faro<\/option><option value=\"1\u00aa Companhia de Loul\u00e9\">1\u00aa Companhia de Loul\u00e9<\/option><option value=\"1\u00aa Companhia de Tavira\">1\u00aa Companhia de Tavira<\/option><option value=\"1\u00aa Companhia de Monchique\">1\u00aa Companhia de Monchique<\/option><option value=\"1\u00aa Companhia de Portim\u00e3o\">1\u00aa Companhia de Portim\u00e3o<\/option><\/select><\/span><\/label>\n      <label>Regi\u00e3o:<span class=\"wpcf7-form-control-wrap\" data-name=\"regiao\"><select class=\"wpcf7-form-control wpcf7-select wpcf7-validates-as-required\" aria-required=\"true\" aria-invalid=\"false\" name=\"regiao\"><option value=\"A\u00e7ores\">A\u00e7ores<\/option><option value=\"Madeira\">Madeira<\/option><option value=\"Faro\">Faro<\/option><option value=\"Santar\u00e9m\">Santar\u00e9m<\/option><option value=\"Lisboa\">Lisboa<\/option><option value=\"Viseu\">Viseu<\/option><option value=\"Braga\">Braga<\/option><option value=\"Viana do Castelo\">Viana do Castelo<\/option><option value=\"Porto\">Porto<\/option><option value=\"Aveiro\">Aveiro<\/option><option value=\"Castelo Branco\">Castelo Branco<\/option><\/select><\/span><\/label>\n   <\/div>\n   <div class=\"form-row\">\n       <label>Ramo:<span class=\"wpcf7-form-control-wrap\" data-name=\"ramo\"><select class=\"wpcf7-form-control wpcf7-select wpcf7-validates-as-required\" aria-required=\"true\" aria-invalid=\"false\" name=\"ramo\"><option value=\"Avezinha\">Avezinha<\/option><option value=\"Aventura\">Aventura<\/option><option value=\"Caravela\">Caravela<\/option><option value=\"Moinho\">Moinho<\/option><option value=\"Dirigente\">Dirigente<\/option><\/select><\/span><\/label>\n      <label>Cargo:<span class=\"wpcf7-form-control-wrap\" data-name=\"cargo\"><select class=\"wpcf7-form-control wpcf7-select wpcf7-validates-as-required\" aria-required=\"true\" aria-invalid=\"false\" name=\"cargo\"><option value=\"Chefe de patrulha \/ Avezinha-mor\">Chefe de patrulha \/ Avezinha-mor<\/option><option value=\"Sub-chefe de patrulha \/ Ajudante de ninho\">Sub-chefe de patrulha \/ Ajudante de ninho<\/option><option value=\"Secret\u00e1ria\">Secret\u00e1ria<\/option><option value=\"Tesoureira\">Tesoureira<\/option><option value=\"Animadora\">Animadora<\/option><option value=\"Guarda-material\">Guarda-material<\/option><option value=\"Intendente\">Intendente<\/option><option value=\"Historiadora\">Historiadora<\/option><option value=\"Outro\">Outro<\/option><\/select><\/span><\/label>\n   <\/div>\n   <div class=\"form-reentrada\">\n      <span class=\"wpcf7-form-control-wrap\" data-name=\"reentrada\"><span class=\"wpcf7-form-control wpcf7-checkbox\"><span class=\"wpcf7-list-item first last\"><input type=\"checkbox\" name=\"reentrada[]\" value=\"Caso seja uma reentrada assinalar aqui\" \/><span class=\"wpcf7-list-item-label\">Caso seja uma reentrada assinalar aqui<\/span><\/span><\/span><\/span>\n      <label>N\u00famero de Associada:\n         <span class=\"wpcf7-form-control-wrap\" data-name=\"numero-associada-reentrada\"><input size=\"40\" maxlength=\"10\" minlength=\"1\" class=\"wpcf7-form-control wpcf7-text\" aria-invalid=\"false\" value=\"\" type=\"text\" name=\"numero-associada-reentrada\" \/><\/span>\n         <small>S\u00f3 necess\u00e1rio caso seja uma reentrada e tenha acesso ao n\u00famero.<\/small>\n      <\/label>\n   <\/div>\n<\/section>\n\n<section class=\"form-section\">\n   <h5>Admiss\u00e3o de menor:<\/h5>\n\n   <p>Autorizo a minha educanda, menor de idade, a pertencer \u00e0 Associa\u00e7\u00e3o Guias de Portugal, comprometendo-me a que compare\u00e7a \u00e0s atividades e acampamentos sempre que n\u00e3o se verifique justo impedimento.<\/p>\n   <label>Assinatura do Encarregado de Educa\u00e7\u00e3o:\n      <div class=\"dscf7_signature\">\n\t\t\t<div class=\"dscf7_signature_inner\">\n\t\t\t\t<canvas id=\"digital_signature-pad_parent-signature\" name=\"parent-signature\" class=\"digital_signature-pad\" color=\"#000000\" backcolor=\"#dddddd\" width=\"300\" height=\"200\"><\/canvas>\n\t\t\t\t<input class=\"clearButton\" type=\"button\" value=\"+\">\n\t\t\t<\/div>\n\t\t\t<span class=\"wpcf7-form-control-wrap parent-signature\" data-name=\"parent-signature\">\n\t\t\t\t<input class=\"wpcf7-form-control wpcf7-signature wpcf7-validates-as-required wpcf7-validates-as-signature dscf7-signature\" id=\"parent-signature\" value=\"\" type=\"hidden\" name=\"parent-signature\"\/>\n\t\t\t\t<input type=\"hidden\" name=\"parent-signature-attachment\" class=\"wpcf7_input_parent-signature_attachment\"\/>\n\t\t\t\t<input type=\"hidden\" name=\"parent-signature-inline\" class=\"wpcf7_input_parent-signature_inline\"\/>\n\t\t\t<\/span>\n\t\t<\/div>\n   <\/label>\n<\/section>\n\n<section class=\"form-section\">\n   <h5>Dados pessoais:<\/h5>\n\n   <p>A <strong>Associa\u00e7\u00e3o Guias de Portugal<\/strong> vem nos termos da legisla\u00e7\u00e3o nacional e comunit\u00e1ria aplic\u00e1vel, requerer o consentimento livre e expresso nos seguintes termos:<\/p>\n\n   <p>1. Autorizo a recolha dos meus dados pessoais \/ dados pessoais da minha educanda por parte da Associa\u00e7\u00e3o Guias de Portugal (designadamente morada, contactos telef\u00f3nicos, email, data de nascimento, identifica\u00e7\u00e3o dos encarregados de educa\u00e7\u00e3o, imagens como fotografias e v\u00eddeos para sites, plataformas, redes sociais e aplica\u00e7\u00f5es), para as finalidades abaixo indicadas, nos termos da Pol\u00edtica de Dados Pessoais:<\/p>\n\n   <div class=\"form-row form-aprovacao\">\n      <label>a) Administra\u00e7\u00e3o e gest\u00e3o de dados e de registos:<\/label>\n      <span class=\"wpcf7-form-control-wrap\" data-name=\"aprovacao-administracao\"><span class=\"wpcf7-form-control wpcf7-radio\"><span class=\"wpcf7-list-item first\"><label><input type=\"radio\" name=\"aprovacao-administracao\" value=\"SIM\" \/><span class=\"wpcf7-list-item-label\">SIM<\/span><\/label><\/span><span class=\"wpcf7-list-item last\"><label><input type=\"radio\" name=\"aprovacao-administracao\" value=\"N\u00c3O\" \/><span class=\"wpcf7-list-item-label\">N\u00c3O<\/span><\/label><\/span><\/span><\/span>\n   <\/div>\n   <div class=\"form-row form-aprovacao\">\n      <label>b) Comunica\u00e7\u00e3o e marketing:<\/label>\n      <span class=\"wpcf7-form-control-wrap\" data-name=\"aprovacao-marketing\"><span class=\"wpcf7-form-control wpcf7-radio\"><span class=\"wpcf7-list-item first\"><label><input type=\"radio\" name=\"aprovacao-marketing\" value=\"SIM\" \/><span class=\"wpcf7-list-item-label\">SIM<\/span><\/label><\/span><span class=\"wpcf7-list-item last\"><label><input type=\"radio\" name=\"aprovacao-marketing\" value=\"N\u00c3O\" \/><span class=\"wpcf7-list-item-label\">N\u00c3O<\/span><\/label><\/span><\/span><\/span> \n   <\/div>\n   <small>A autoriza\u00e7\u00e3o prevista na al\u00ednea a) \u00e9 necess\u00e1ria \u00e0 aceita\u00e7\u00e3o da proposta de admiss\u00e3o.<\/small>\n   <hr>\n   <p>2. Concedo autoriza\u00e7\u00e3o \u00e0 Associa\u00e7\u00e3o Guias de Portugal para recolher e tratar os meus dados de sa\u00fade \/ dados de sa\u00fade da minha educanda que se revelem necess\u00e1rios para o desenvolvimento de atividades espec\u00edficas, nomeadamente acampamentos.<\/p>\n   <span class=\"wpcf7-form-control-wrap\" data-name=\"aprovacao-saude\"><span class=\"wpcf7-form-control wpcf7-radio\"><span class=\"wpcf7-list-item first\"><label><input type=\"radio\" name=\"aprovacao-saude\" value=\"SIM\" \/><span class=\"wpcf7-list-item-label\">SIM<\/span><\/label><\/span><span class=\"wpcf7-list-item last\"><label><input type=\"radio\" name=\"aprovacao-saude\" value=\"N\u00c3O\" \/><span class=\"wpcf7-list-item-label\">N\u00c3O<\/span><\/label><\/span><\/span><\/span> \n   <hr>\n   <p>Para mais informa\u00e7\u00f5es, consulte a nossa Pol\u00edtica de Dados Pessoais dispon\u00edvel em <a href=\"https:\/\/www.guiasdeportugal.org\" target=\"_blank\">www.guiasdeportugal.org<\/a>.<\/p>\n   <span class=\"wpcf7-form-control-wrap\" data-name=\"consentimento-rgpd\"><span class=\"wpcf7-form-control wpcf7-checkbox wpcf7-validates-as-required\"><span class=\"wpcf7-list-item first last\"><label><input type=\"checkbox\" name=\"consentimento-rgpd[]\" value=\"Declaro que recebi e compreendi a informa\u00e7\u00e3o acima identificada, bem como dei o meu consentimento nos termos acima expostos.\" \/><span class=\"wpcf7-list-item-label\">Declaro que recebi e compreendi a informa\u00e7\u00e3o acima identificada, bem como dei o meu consentimento nos termos acima expostos.<\/span><\/label><\/span><\/span><\/span>\n<\/section>\n\n<input class=\"wpcf7-form-control wpcf7-submit has-spinner\" type=\"submit\" value=\"Submeter\" \/><\/div><div class=\"wpcf7-response-output\" aria-hidden=\"true\"><\/div>\n<\/form>\n<\/div>\n<\/div>\n\n<p>\u00a0<\/p>\n\t\t\t\t\t\t\t\t<\/div>\n\t\t\t\t\t<\/div>\n\t\t\t\t<\/div>\n\t\t<div class=\"elementor-element elementor-element-b4bf6e3 e-flex e-con-boxed e-con e-parent\" data-id=\"b4bf6e3\" data-element_type=\"container\" data-e-type=\"container\">\n\t\t\t\t\t<div class=\"e-con-inner\">\n\t\t\t\t\t<\/div>\n\t\t\t\t<\/div>\n\t\t\t\t<\/div>\n\t\t","protected":false},"excerpt":{"rendered":"<p>Proposta de Admiss\u00e3o \u00a0<\/p>\n","protected":false},"author":1,"featured_media":0,"parent":0,"menu_order":0,"comment_status":"closed","ping_status":"closed","template":"elementor_header_footer","meta":{"solace_meta_sidebar":"","solace_meta_container":"","solace_meta_enable_content_width":"","solace_meta_content_width":0,"solace_meta_title_alignment":"","solace_meta_author_avatar":"","solace_post_elements_order":"","solace_meta_disable_header":"","solace_meta_disable_footer":"","solace_meta_disable_title":"","footnotes":""},"class_list":["post-152","page","type-page","status-publish","hentry"],"_links":{"self":[{"href":"https:\/\/proposta.guiasdeportugal.org\/wordpress_H\/wp-json\/wp\/v2\/pages\/152","targetHints":{"allow":["GET"]}}],"collection":[{"href":"https:\/\/proposta.guiasdeportugal.org\/wordpress_H\/wp-json\/wp\/v2\/pages"}],"about":[{"href":"https:\/\/proposta.guiasdeportugal.org\/wordpress_H\/wp-json\/wp\/v2\/types\/page"}],"author":[{"embeddable":true,"href":"https:\/\/proposta.guiasdeportugal.org\/wordpress_H\/wp-json\/wp\/v2\/users\/1"}],"replies":[{"embeddable":true,"href":"https:\/\/proposta.guiasdeportugal.org\/wordpress_H\/wp-json\/wp\/v2\/comments?post=152"}],"version-history":[{"count":11,"href":"https:\/\/proposta.guiasdeportugal.org\/wordpress_H\/wp-json\/wp\/v2\/pages\/152\/revisions"}],"predecessor-version":[{"id":211,"href":"https:\/\/proposta.guiasdeportugal.org\/wordpress_H\/wp-json\/wp\/v2\/pages\/152\/revisions\/211"}],"wp:attachment":[{"href":"https:\/\/proposta.guiasdeportugal.org\/wordpress_H\/wp-json\/wp\/v2\/media?parent=152"}],"curies":[{"name":"wp","href":"https:\/\/api.w.org\/{rel}","templated":true}]}}